{"id":247,"date":"2020-12-08T14:43:25","date_gmt":"2020-12-08T14:43:25","guid":{"rendered":"https:\/\/casinotitan-ads.com\/?page_id=247"},"modified":"2020-12-28T16:24:16","modified_gmt":"2020-12-28T16:24:16","slug":"pelaa-blackjack-online","status":"publish","type":"page","link":"https:\/\/casinotitan-ads.com\/fi\/pelaa-blackjack-online\/","title":{"rendered":"Pelaa Blackjack Online"},"content":{"rendered":"<p>Blackjack-pelin suosio on kiistaton. On mielenkiintoista huomata, ett\u00e4 online blackjack on helppo oppia, ja siksi yksinkertaisuus voi olla osa pelin vetovoimaa. Kokeile suosituimpia blackjack kasinosivustoja <a href=\"https:\/\/casinotitan-ads.com\/fi\/\">ilman talletusbonusta<\/a> tarjoukset!<\/p>\n<h2>Parhaat Blackjack kasinosivustot<\/h2>\n<table class=\"casinodata\" >\n    \n\n    <thead>\n    <tr class=\"casinoheaddatarow\">\n        <th><\/th>\n        <th><\/th>\n        <th><\/th>        \n        <th><\/th>\n   \n        <th><\/th>\n    <\/tr>\n  <\/thead>\n  <tbody>\n\n\n<tr class=\"casinodatarow \">\n        <td class=\"topcasinonumber\"><span class=\"item-number\">1<\/span><\/td>\n        <td class=\"topcasinologo\">\n           <div class=\"topcasinologowrp\">\n                <img width=\"120\" height=\"39\" src=\"https:\/\/casinotitan-ads.com\/titanup\/2020\/12\/simple-casino-120x39.png\" class=\"attachment-casinos-size size-casinos-size\" alt=\"simple casino\" loading=\"lazy\" srcset=\"https:\/\/casinotitan-ads.com\/titanup\/2020\/12\/simple-casino-120x39.png 120w, https:\/\/casinotitan-ads.com\/titanup\/2020\/12\/simple-casino.png 140w\" sizes=\"(max-width: 120px) 100vw, 120px\" \/>                <\/div>\n            \n        <\/td>\n        <td class=\"topcasinorating\">\n                      <span class=\"toplist-item-name\"> SIMPLE CASINO<\/span>\n            \n        <\/td>\n        <td class=\"topcasinobonus\">\n            <span class=\"item-bonus\">100% TALLETUSBONUS<\/span>\n            \n\n\n            \n        <\/td>\n     \n       \n        <td class=\"topcasinogo\">\n\n         <a href=\"\/bns\/simple\" class=\"toplist-item-out\" rel=\"nofollow\">PELAA<\/a>\n                  \n        <\/td>\n    <\/tr>\n\n<tr class=\"casinodatarow is-striped\">\n        <td class=\"topcasinonumber\"><span class=\"item-number\">2<\/span><\/td>\n        <td class=\"topcasinologo\">\n           <div class=\"topcasinologowrp\">\n                <img width=\"120\" height=\"39\" src=\"https:\/\/casinotitan-ads.com\/titanup\/2020\/12\/voodoodreams-120x39.png\" class=\"attachment-casinos-size size-casinos-size\" alt=\"voodoo dreams casino\" loading=\"lazy\" srcset=\"https:\/\/casinotitan-ads.com\/titanup\/2020\/12\/voodoodreams-120x39.png 120w, https:\/\/casinotitan-ads.com\/titanup\/2020\/12\/voodoodreams.png 140w\" sizes=\"(max-width: 120px) 100vw, 120px\" \/>                <\/div>\n            \n        <\/td>\n        <td class=\"topcasinorating\">\n                      <span class=\"toplist-item-name\"> VOODOO DREAMS<\/span>\n            \n        <\/td>\n        <td class=\"topcasinobonus\">\n            <span class=\"item-bonus\">100% TALLETUSBONUS<\/span>\n            \n\n\n            \n        <\/td>\n     \n       \n        <td class=\"topcasinogo\">\n\n         <a href=\"\/bns\/voodoodreams\" class=\"toplist-item-out\" rel=\"nofollow\">PELAA<\/a>\n                  \n        <\/td>\n    <\/tr>\n\n<tr class=\"casinodatarow \">\n        <td class=\"topcasinonumber\"><span class=\"item-number\">3<\/span><\/td>\n        <td class=\"topcasinologo\">\n           <div class=\"topcasinologowrp\">\n                <img width=\"120\" height=\"39\" src=\"https:\/\/casinotitan-ads.com\/titanup\/2020\/12\/slots-million-120x39.png\" class=\"attachment-casinos-size size-casinos-size\" alt=\"slots million casino\" loading=\"lazy\" srcset=\"https:\/\/casinotitan-ads.com\/titanup\/2020\/12\/slots-million-120x39.png 120w, https:\/\/casinotitan-ads.com\/titanup\/2020\/12\/slots-million.png 140w\" sizes=\"(max-width: 120px) 100vw, 120px\" \/>                <\/div>\n            \n        <\/td>\n        <td class=\"topcasinorating\">\n                      <span class=\"toplist-item-name\"> SLOTS MILLION<\/span>\n            \n        <\/td>\n        <td class=\"topcasinobonus\">\n            <span class=\"item-bonus\">100%\/\u20ac100 BONUS<\/span>\n            \n\n\n            \n        <\/td>\n     \n       \n        <td class=\"topcasinogo\">\n\n         <a href=\"\/bns\/slotsmillion\" class=\"toplist-item-out\" rel=\"nofollow\">PELAA<\/a>\n                  \n        <\/td>\n    <\/tr>\n        <\/tbody>\n<\/table>\n\n\n        \n\n    \n    \n<h2>Blackjack Onlinen perusteet<\/h2>\n<p>Blackjack-pelin p\u00e4\u00e4tavoitteena on saada k\u00e4si, joka on mahdollisimman l\u00e4hell\u00e4 kaikkiaan kaksikymment\u00e4yksi, ylitt\u00e4m\u00e4tt\u00e4 t\u00e4t\u00e4 m\u00e4\u00e4r\u00e4\u00e4. K\u00e4si, joka ylitt\u00e4\u00e4 kaksikymment\u00e4yksi, tunnetaan nimell\u00e4 &#8220;rintakuva&#8221; ja t\u00e4m\u00e4 johtaa ep\u00e4onnistuneen pelin loppuun.<\/p>\n<h2>Kuinka pelata Nettiblackjack Online<\/h2>\n<p>Ensimm\u00e4inen askel blackjack-peliss\u00e4 on ly\u00f6d\u00e4 vetoa. Vedonly\u00f6nnin j\u00e4lkeen jokaiselle pelaajalle jaetaan kaksi korttia, jotka ovat yl\u00f6sp\u00e4in. Jakajalle jaetaan sitten kaksi korttia, joista toinen on esitetty ja toinen on kasvot Jokaisen pelaajan on sitten aika p\u00e4\u00e4tt\u00e4\u00e4 pit\u00e4yty\u00e4k\u00f6 nykyisiss\u00e4 korteissa vai pyyt\u00e4\u00e4k\u00f6 lis\u00e4kortteja yritt\u00e4ess\u00e4\u00e4n p\u00e4\u00e4st\u00e4 l\u00e4hemm\u00e4ksi 21: t\u00e4. On ehk\u00e4 korostettava, ett\u00e4 pelaajat, jotka ylitt\u00e4v\u00e4t 21, menev\u00e4t &#8220;rintakuva&#8221;. Kun pelaajat ovat lopettaneet, j\u00e4lleenmyyj\u00e4n toinen kortti paljastuu. On t\u00e4rke\u00e4\u00e4 huomata, ett\u00e4 jos j\u00e4lleenmyyj\u00e4ll\u00e4 on yhteens\u00e4 v\u00e4hint\u00e4\u00e4n 17 korttia, ylim\u00e4\u00e4r\u00e4ist\u00e4 korttia ei sallita. 16: een saakka s\u00e4\u00e4nt\u00f6jen mukaan j\u00e4lleenmyyj\u00e4 saa toisen kortin.<\/p>\n<h2>Blackjack-korttien arvo<\/h2>\n<p>Vaikka tiettyjen korttien puvuilla ei ole merkityst\u00e4 t\u00e4m\u00e4n p\u00e4iv\u00e4n blackjack-pelin lopputuloksessa, on t\u00e4rke\u00e4\u00e4 huomata eri korttien arvot t\u00e4ss\u00e4 harrastuksessa.<\/p>\n<ul>\n<li>Kuningas, kuningatar, Jack ja numero kymmenen kortin arvo on 10.<\/li>\n<li>\u00c4ss\u00e4n arvo voi olla joko 1 tai 11.<\/li>\n<li>Kortit v\u00e4lill\u00e4 2 ja 9 pelataan nimellisarvolla.<\/li>\n<\/ul>\n<h2>Online Blackjackin ehdot<\/h2>\n<ul>\n<li>Kova k\u00e4si: T\u00e4m\u00e4 termi liittyy k\u00e4teen, joka ei sis\u00e4ll\u00e4 \u00e4ss\u00e4\u00e4 tai joka sis\u00e4lt\u00e4\u00e4 \u00e4ss\u00e4\u00e4, jota k\u00e4ytet\u00e4\u00e4n merkkin\u00e4 1.<\/li>\n<li>Pehme\u00e4 k\u00e4si: T\u00e4m\u00e4 tarkoittaa k\u00e4tt\u00e4, johon sis\u00e4ltyy \u00e4ss\u00e4, jota k\u00e4ytet\u00e4\u00e4n 11: n\u00e4.<\/li>\n<li>Tasainen raha: Tasapuolinen rahavaihtoehto tapahtuu tilanteessa, jossa pelaajalla on blackjack ja jakajan osoittama kortti paljastaa \u00e4ss\u00e4n, mik\u00e4 tarkoittaa, ett\u00e4 pelaaja voi halutessaan saada tasaista rahaa ennen kuin tarkastaa j\u00e4lleenmyyj\u00e4n toisen kortin.<\/li>\n<li>Osuma: T\u00e4m\u00e4 lauseke liittyy lis\u00e4kortin pyynt\u00f6\u00f6n.<\/li>\n<li>Jaettu: T\u00e4t\u00e4 termi\u00e4 k\u00e4ytet\u00e4\u00e4n kuvaamaan kahden alkuper\u00e4isen kortin k\u00e4tt\u00e4, jotka on jaettu tai jaettu kahteen erilliseen k\u00e4teen. T\u00e4llainen toiminta on sallittua, jos kaksi ensimm\u00e4ist\u00e4 korttia ovat samanarvoisia.<\/li>\n<li>Tupla alas: T\u00e4m\u00e4 tarkoittaa alkuper\u00e4isen vedon kaksinkertaistamista kahden jaetun kortin tarkastelun j\u00e4lkeen. On huomattava, ett\u00e4 kaksinkertaistamisen j\u00e4lkeen pelaaja voi saada vain yhden ylim\u00e4\u00e4r\u00e4isen kortin.<\/li>\n<li>Luovutus: T\u00e4h\u00e4n sis\u00e4ltyy k\u00e4den luovuttaminen ja siten menetetty puolet vedosta.<\/li>\n<li>Varhainen antautuminen: T\u00e4m\u00e4 liittyy yll\u00e4 kuvattuun toimintaan, joka on sallittua ennen kuin j\u00e4lleenmyyj\u00e4 tarkistaa onko k\u00e4dess\u00e4 blackjack.<\/li>\n<li>My\u00f6h\u00e4inen antautuminen: T\u00e4ss\u00e4 tilanteessa jakaja katsoo k\u00e4tt\u00e4 n\u00e4hd\u00e4kseen, onko siin\u00e4 blackjackia. Jos k\u00e4dess\u00e4 todellakin on blackjack, pelaaja ei v\u00e4ltt\u00e4m\u00e4tt\u00e4 luovuta.<\/li>\n<\/ul>\n<h3>Huomattavat kohdat Blackjack-peliss\u00e4<\/h3>\n<p>Kuninkaallinen kortti tai kymmenen yhdess\u00e4 \u00e4ss\u00e4n kanssa, kun kaksi alkuper\u00e4ist\u00e4 jaettua korttia tuottavat blackjackin ja automaattisen voiton.Jos jakajalla on my\u00f6s blackjack, t\u00e4m\u00e4 merkitsee tasapeli\u00e4 ja panoksesi palautetaan pelaajalle.<\/p>\n<ul>\n<li>Jos j\u00e4lleenmyyj\u00e4n k\u00e4si on rintakuva, pelaajat voittavat.<\/li>\n<li>Pelaajat, joiden summa on suurempi kuin jakajan k\u00e4si, voittavat.<\/li>\n<li>Pelaajat, joiden summa on pienempi kuin jakajan k\u00e4si, h\u00e4vi\u00e4v\u00e4t.<\/li>\n<\/ul>\n<h2>Vinkkej\u00e4 online blackjack pelaajille<\/h2>\n<ul>\n<li>Blackjack-s\u00e4\u00e4nt\u00f6jen ja tietyn tyyppisen blackjack-pelin lukeminen on eritt\u00e4in suositeltavaa.<\/li>\n<li>On suositeltavaa hy\u00f6dynt\u00e4\u00e4 ilmaisia \u200b\u200bonline-blackjack-pelej\u00e4, ennen kuin pelaat oikealla rahalla.<\/li>\n<li>Voi olla hy\u00f6dyllist\u00e4 varoa blackjack-<a href=\"https:\/\/casinotitan-ads.com\/fi\/kasinobonukset\/\">kasinobonuksia<\/a> ja erikoistarjouksia.<\/li>\n<li>Kuten muissakin peleiss\u00e4, blackjack-bankrollin suunnittelu etuk\u00e4teen ja voittoyksikk\u00f6jen asettaminen pelisession pariin on t\u00e4rke\u00e4\u00e4.<\/li>\n<li>On huomattava, ett\u00e4 taitolla on osa pelata suositussa blackjack-peliss\u00e4, mutta lady luckin l\u00e4sn\u00e4olo blackjack-p\u00f6yd\u00e4ss\u00e4 on my\u00f6s usein arvostettu.<\/li>\n<\/ul>\n","protected":false},"excerpt":{"rendered":"Blackjack-pelin suosio on kiistaton. On mielenkiintoista huomata, ett\u00e4 online blackjack on helppo oppia, ja siksi yksinkertaisuus voi olla osa pelin vetovoimaa. Kokeile suosituimpia blackjack kasinosivustoja ilman talletusbonusta tarjoukset! Parhaat Blackjack kasinosivustot Blackjack Onlinen perusteet Blackjack-pelin p\u00e4\u00e4tavoitteena on saada k\u00e4si, joka on mahdollisimman l\u00e4hell\u00e4 kaikkiaan kaksikymment\u00e4yksi, ylitt\u00e4m\u00e4tt\u00e4 t\u00e4t\u00e4 m\u00e4\u00e4r\u00e4\u00e4. K\u00e4si, joka ylitt\u00e4\u00e4 kaksikymment\u00e4yksi, tunnetaan nimell\u00e4 &#8220;rintakuva&#8221;&#8230; <a class=\"view-article\" href=\"https:\/\/casinotitan-ads.com\/fi\/pelaa-blackjack-online\/\">View Article<\/a>","protected":false},"author":1,"featured_media":0,"parent":0,"menu_order":0,"comment_status":"closed","ping_status":"closed","template":"","meta":[],"yoast_head":"\n<meta name=\"description\" content=\"Pelaa Blackjack Online - Blackjack netiss\u00e4 Suomessa\" \/>\n<meta name=\"robots\" content=\"index, follow, max-snippet:-1, max-image-preview:large, max-video-preview:-1\" \/>\n<link rel=\"canonical\" href=\"https:\/\/casinotitan-ads.com\/fi\/pelaa-blackjack-online\/\" \/>\n<meta property=\"og:locale\" content=\"fi_FI\" \/>\n<meta property=\"og:type\" content=\"article\" \/>\n<meta property=\"og:title\" content=\"Pelaa Blackjack Online - Blackjack netiss\u00e4 Suomessa\" \/>\n<meta property=\"og:description\" content=\"Pelaa Blackjack Online - Blackjack netiss\u00e4 Suomessa\" \/>\n<meta property=\"og:url\" content=\"https:\/\/casinotitan-ads.com\/fi\/pelaa-blackjack-online\/\" \/>\n<meta property=\"og:site_name\" content=\"Casino Titan\" \/>\n<meta property=\"article:modified_time\" content=\"2020-12-28T16:24:16+00:00\" \/>\n<meta name=\"twitter:card\" content=\"summary_large_image\" \/>\n<meta name=\"twitter:label1\" content=\"Written by\">\n\t<meta name=\"twitter:data1\" content=\"casinotitan-ads\">\n\t<meta name=\"twitter:label2\" content=\"Est. reading time\">\n\t<meta name=\"twitter:data2\" content=\"2 minuuttia\">\n","_links":{"self":[{"href":"https:\/\/casinotitan-ads.com\/fi\/wp-json\/wp\/v2\/pages\/247"}],"collection":[{"href":"https:\/\/casinotitan-ads.com\/fi\/wp-json\/wp\/v2\/pages"}],"about":[{"href":"https:\/\/casinotitan-ads.com\/fi\/wp-json\/wp\/v2\/types\/page"}],"author":[{"embeddable":true,"href":"https:\/\/casinotitan-ads.com\/fi\/wp-json\/wp\/v2\/users\/1"}],"replies":[{"embeddable":true,"href":"https:\/\/casinotitan-ads.com\/fi\/wp-json\/wp\/v2\/comments?post=247"}],"version-history":[{"count":4,"href":"https:\/\/casinotitan-ads.com\/fi\/wp-json\/wp\/v2\/pages\/247\/revisions"}],"predecessor-version":[{"id":348,"href":"https:\/\/casinotitan-ads.com\/fi\/wp-json\/wp\/v2\/pages\/247\/revisions\/348"}],"wp:attachment":[{"href":"https:\/\/casinotitan-ads.com\/fi\/wp-json\/wp\/v2\/media?parent=247"}],"curies":[{"name":"wp","href":"https:\/\/api.w.org\/{rel}","templated":true}]}}