{"id":227,"date":"2020-12-08T13:29:12","date_gmt":"2020-12-08T13:29:12","guid":{"rendered":"https:\/\/casinotitan-ads.com\/?page_id=227"},"modified":"2020-12-28T16:25:18","modified_gmt":"2020-12-28T16:25:18","slug":"ilmaista-pelirahaa-ilman-talletusta","status":"publish","type":"page","link":"https:\/\/casinotitan-ads.com\/fi\/","title":{"rendered":"Ilmaista Pelirahaa ilman Talletusta"},"content":{"rendered":"<p><img loading=\"lazy\" width=\"150\" height=\"150\" class=\"alignright size-thumbnail wp-image-133\" src=\"https:\/\/casinotitan-ads.com\/titanup\/2020\/11\/titan-handy-150x150.png\" alt=\"Ilmaista Pelirahaa ilman Talletusta\" \/>Verkkopelaamisen suosio synnytti satoja online-kasinoita kaikkialla Internetiss\u00e4. T\u00e4m\u00e4n vuoksi kasino operaattorit keksiv\u00e4t omia temppuja houkutellakseen asiakkaita ja pit\u00e4\u00e4kseen s\u00e4\u00e4nn\u00f6llisi\u00e4 pelaajia. Casino Titan tarjoaa laajan valikoiman talletuksettomia nettikasinoita pienist\u00e4 tunnettuihin julkisiin suosikkeihin.<\/p>\n<p>Nyky\u00e4\u00e4n l\u00e4hes jokaisella on tietokone talossaan, joten yh\u00e4 useammat ihmiset siirtyv\u00e4t verkkoon viihdytt\u00e4\u00e4kseen itse\u00e4\u00e4n. Uhkapelaajilla on nyt mukava pelata oman kodin mukavuuksissa. Yksi asia, joka erottuu monista pelikasinokampanjoista, on ei talletusbonus.<\/p>\n<h2>Ilmaista pelirahaa pelisivustoille<\/h2>\n<table class=\"casinodata\" >\n    \n\n    <thead>\n    <tr class=\"casinoheaddatarow\">\n        <th><\/th>\n        <th><\/th>\n        <th><\/th>        \n        <th><\/th>\n   \n        <th><\/th>\n    <\/tr>\n  <\/thead>\n  <tbody>\n\n\n<tr class=\"casinodatarow \">\n        <td class=\"topcasinonumber\"><span class=\"item-number\">1<\/span><\/td>\n        <td class=\"topcasinologo\">\n           <div class=\"topcasinologowrp\">\n                <img width=\"120\" height=\"39\" src=\"https:\/\/casinotitan-ads.com\/titanup\/2020\/12\/simple-casino-120x39.png\" class=\"attachment-casinos-size size-casinos-size\" alt=\"simple casino\" loading=\"lazy\" srcset=\"https:\/\/casinotitan-ads.com\/titanup\/2020\/12\/simple-casino-120x39.png 120w, https:\/\/casinotitan-ads.com\/titanup\/2020\/12\/simple-casino.png 140w\" sizes=\"(max-width: 120px) 100vw, 120px\" \/>                <\/div>\n            \n        <\/td>\n        <td class=\"topcasinorating\">\n                      <span class=\"toplist-item-name\"> SIMPLE CASINO<\/span>\n            \n        <\/td>\n        <td class=\"topcasinobonus\">\n            <span class=\"item-bonus\">100% TALLETUSBONUS<\/span>\n            \n\n\n            \n        <\/td>\n     \n       \n        <td class=\"topcasinogo\">\n\n         <a href=\"\/bns\/simple\" class=\"toplist-item-out\" rel=\"nofollow\">PELAA<\/a>\n                  \n        <\/td>\n    <\/tr>\n\n<tr class=\"casinodatarow is-striped\">\n        <td class=\"topcasinonumber\"><span class=\"item-number\">2<\/span><\/td>\n        <td class=\"topcasinologo\">\n           <div class=\"topcasinologowrp\">\n                <img width=\"120\" height=\"39\" src=\"https:\/\/casinotitan-ads.com\/titanup\/2020\/12\/voodoodreams-120x39.png\" class=\"attachment-casinos-size size-casinos-size\" alt=\"voodoo dreams casino\" loading=\"lazy\" srcset=\"https:\/\/casinotitan-ads.com\/titanup\/2020\/12\/voodoodreams-120x39.png 120w, https:\/\/casinotitan-ads.com\/titanup\/2020\/12\/voodoodreams.png 140w\" sizes=\"(max-width: 120px) 100vw, 120px\" \/>                <\/div>\n            \n        <\/td>\n        <td class=\"topcasinorating\">\n                      <span class=\"toplist-item-name\"> VOODOO DREAMS<\/span>\n            \n        <\/td>\n        <td class=\"topcasinobonus\">\n            <span class=\"item-bonus\">100% TALLETUSBONUS<\/span>\n            \n\n\n            \n        <\/td>\n     \n       \n        <td class=\"topcasinogo\">\n\n         <a href=\"\/bns\/voodoodreams\" class=\"toplist-item-out\" rel=\"nofollow\">PELAA<\/a>\n                  \n        <\/td>\n    <\/tr>\n\n<tr class=\"casinodatarow \">\n        <td class=\"topcasinonumber\"><span class=\"item-number\">3<\/span><\/td>\n        <td class=\"topcasinologo\">\n           <div class=\"topcasinologowrp\">\n                <img width=\"120\" height=\"39\" src=\"https:\/\/casinotitan-ads.com\/titanup\/2020\/12\/slots-million-120x39.png\" class=\"attachment-casinos-size size-casinos-size\" alt=\"slots million casino\" loading=\"lazy\" srcset=\"https:\/\/casinotitan-ads.com\/titanup\/2020\/12\/slots-million-120x39.png 120w, https:\/\/casinotitan-ads.com\/titanup\/2020\/12\/slots-million.png 140w\" sizes=\"(max-width: 120px) 100vw, 120px\" \/>                <\/div>\n            \n        <\/td>\n        <td class=\"topcasinorating\">\n                      <span class=\"toplist-item-name\"> SLOTS MILLION<\/span>\n            \n        <\/td>\n        <td class=\"topcasinobonus\">\n            <span class=\"item-bonus\">100%\/\u20ac100 BONUS<\/span>\n            \n\n\n            \n        <\/td>\n     \n       \n        <td class=\"topcasinogo\">\n\n         <a href=\"\/bns\/slotsmillion\" class=\"toplist-item-out\" rel=\"nofollow\">PELAA<\/a>\n                  \n        <\/td>\n    <\/tr>\n        <\/tbody>\n<\/table>\n\n\n        \n\n    \n    \n<h2>Ilmaista pelirahaa &#8211; uusille pelaajille<\/h2>\n<p>Rekister\u00f6intibonukset voivat olla houkuttelevia, mutta on olemassa toinen tarjous, joka on saamassa paljon suosiota nyky\u00e4\u00e4n. Ei talletusbonuksia antaa pelaajille mahdollisuuden pelata ilmaiseksi. Uhkapelaajien on luotava tili online kasinolle, annettava asianmukainen tarjouskoodi ja saat ilmainen pankkitilins\u00e4. Uhkapelaajat voivat siirty\u00e4 verkkoon ja etsi\u00e4 verkkosivustoja, jotka tarjoavat luetteloita ilman talletusbonuksia. Sen lis\u00e4ksi ovat online kasinot, jotka tarjoavat heille. On olemassa monia online kasinoita, jotka eiv\u00e4t nyky\u00e4\u00e4n tarjoa talletusbonuksia. Yhden valitseminen riippuu online-kasinon asettamista ehdoista. He voivat osoittautua houkutteleviksi, mutta jokaisen pelaajan on ensin luettava pienikokoinen teksti ennen kuin ilmoittautuu mihink\u00e4\u00e4n.<\/p>\n<div class='bgr_sec'>\n<h2>Ilmaista pelirahaa ilman talletuksia kasinolle: ehdot<\/h2>\n<p>Yksi asia, jota pelaajien on varottava, ovat bonuksen mukana olevat ehdot. Tietenkin on aina saalis. Nettikasinoton my\u00f6s ansaittava voittoa, joten odota joitain k\u00e4\u00e4nteit\u00e4 matkan varrella, ennen kuin saat bonuksesi, olipa kyse sitten rahasta tai bonussiruista. Pelaajien online-kasinoiden tarjoamat tarjoukset vaihtelevat 5 eurosta 500 euroon tai enemm\u00e4n ilmaisena pankkitilin\u00e4.<\/p>\n<p>Rahansiirto tilillesi vaihtelee online kasinosta toiseen, joten sinun on ehk\u00e4 odotettava 24\u201372 tuntia ennen kuin voit pelata. Ennen kuin voit nostaa voittosi, sinun on kuitenkin noudatettava kasinon panostusvaatimuksia ja t\u00e4ytett\u00e4v\u00e4 se ennen tarjouksen p\u00e4\u00e4ttymist\u00e4. Kierr\u00e4tysvaatimukset voivat my\u00f6s vaihdella ja todenn\u00e4k\u00f6isesti kasvavat suurempien bonusten saamiseksi.<\/p>\n<p>Pelaajan yleinen vaatimus on panostaa 30 kertaa enemm\u00e4n kuin <a href=\"https:\/\/casinotitan-ads.com\/fi\/kasinobonukset\/\">kasinobonus<\/a>. Viimeinen voimassaoloaika on 30 minuutista tuntiin. Ennen kuin voit siirt\u00e4\u00e4 voittosi ilmaiselta pelitililt\u00e4si oikealle tilillesi rahan nostamiseksi, jotkut kasinot vaativat sinua tekem\u00e4\u00e4n minimitalletuksen. Maksut online kasinoissa voivat my\u00f6s olla hankalia. He voivat hyvitt\u00e4\u00e4 sinut alkuper\u00e4isell\u00e4 maksutapallasi, mik\u00e4 voi kest\u00e4\u00e4 p\u00e4ivi\u00e4.<\/p>\n<p>Ei talletusbonusta on hieno tapa pelata ilmaiseksi, mutta lue ensin pienet tekstit. Sinun on my\u00f6s varmistettava, ett\u00e4 pystyt t\u00e4ytt\u00e4m\u00e4\u00e4n vaatimukset ja ett\u00e4 se on todella saavutettavissa. Varmista my\u00f6s, ett\u00e4 kauppa on todellinen, ennen kuin kirjaudut tarjousta tarjoavaan online-kasinoon. Jos pelaat oikein, talletusbonus voi olla hy\u00f6dyllinen.<br \/>\n<\/div><\/p>\n<div class='grid-two'><section>\n<h2>Ilmaiset kasinobonukset<\/h2>\n<p>Nettikasinot ovat levinneet kaikkialle Internetiin. Valitettavasti, vaikka ne voivat olla k\u00e4tevi\u00e4, ei voi pelata ilman rahaa. Vaikka nettikasinot ovat k\u00e4den ulottuvilla, et voi pelata niiss\u00e4, ellei sinulla ole rahaa. Online kasinot voivat olla edullisia, esimerkiksi 32 Red Casino. On monia online-kasinoita, jotka tarjoavat matalia v\u00e4himm\u00e4istalletuksia yhdistettyn\u00e4 vastaaviin bonuksiin jne.<\/p>\n<p>Lis\u00e4\u00e4 kasinoita ilman talletusbonustarjouksia:<\/p>\n<ul>\n<li>32 Vegas Casino<\/li>\n<li>Slots Plus Casino<\/li>\n<li>Slots Village Casino<\/li>\n<li>Sun Palace Casino<\/li>\n<\/ul>\n<p>Onneksi online kasinot ovat kilpailun vuoksi keksineet omat temppunsa houkutellakseen pelaajia. Olipa pysy\u00e4 edell\u00e4 tai pysy\u00e4 kilpailussa, online casinot tarjoavat houkuttelevia tarjouksia pelaajille. Jos p\u00e4ivit\u00e4t online-uhkapelialalle, tied\u00e4t, ett\u00e4 online-kasinot tarjoavat nyt ilmaista peli\u00e4 asiakkailleen.<\/p>\n<p>Ilmaispeli annetaan ilman talletusbonuksia. Nettikasinot tarjoavat uusille asiakkailleen rahaa pelaamiseen alkukassana. Tarjoukset vaihtelevat 5 eurosta per\u00e4ti 500 euroon. Uhkapelaajat voivat hy\u00f6dynt\u00e4\u00e4 t\u00e4t\u00e4 tarjousta saadakseen mahdollisuuden pelata ilmaiseksi ja ansaita rahaa samanaikaisesti ilmaiseksi. Pelaajien on luotava ilmainen pelitili, ja rahat siirret\u00e4\u00e4n siihen online kasinon tarjouksesta riippuen.<br \/>\n<\/section><section><\/p>\n<h2>Ei talletuskasinoa ja kierr\u00e4tysvaatimuksia<\/h2>\n<p>Online-kasinoiden on my\u00f6s ansaittava, joten vaikka he tarjoavat ilmaista peli\u00e4, on olemassa ehtoja, joita sinun on noudatettava ennen kuin saat bonuksesi palkkioita.<\/p>\n<p>Nettikasinoilla on panostusvaatimukset, jotka on t\u00e4ytett\u00e4v\u00e4 ennen tarjouksen voimassaolon p\u00e4\u00e4ttymist\u00e4. Useimmissa tapauksissa he vaativat pelaajaa panostamaan 30 kertaa bonuksen.<\/p>\n<p>Pelaajilta voidaan my\u00f6s vaatia voittosummia enemm\u00e4n kuin bonussumma, jotta he ansaitsisivat oikeaa rahaa. Pid\u00e4 t\u00e4m\u00e4 mieless\u00e4, kun jotkut kasinosivustot panostavat eritt\u00e4in suuresti, joten on l\u00e4hes mahdotonta nostaa potentiaalista voittoa bonusrahasta.<\/p>\n<p>Jos olet liittynyt 500 euron talletusbonukseen ja voitit 530 euroa, voit siirt\u00e4\u00e4 vain 30 euroa. Toinen saalis on, ett\u00e4 joudut avaamaan oikean tilin voidaksesi siirt\u00e4\u00e4 voittosi ja nostaa rahasi. Mutta ennen kuin voit avata oikean tilin, sinun on ensin teht\u00e4v\u00e4 v\u00e4himm\u00e4istalletus. Viimeinen voimassaoloaika on 30 minuutista tuntiin. Joten jos aiot kirjautua siihen, sinun on varmistettava, ett\u00e4 voit noudattaa online-kasinon asettamia ehtoja ansaitaksesi rahaa tarjouksesta.<\/p>\n<p>Ilmaiseksi pelaaminen voi olla hankalaa. Sinun on luettava hieno painos &#8211; kirjaimellisesti &#8211; koska online-kasinoiden fontit, joita heid\u00e4n verkkosivustollaan k\u00e4ytet\u00e4\u00e4n k\u00e4ytt\u00f6ehtoihinsa, ovat pieni\u00e4. Mutta jos varmistat, ett\u00e4 kauppa on laillinen ja pystyt t\u00e4ytt\u00e4m\u00e4\u00e4n vaatimukset, se voi olla kannattava tapa pelata verkossa. T\u00e4m\u00e4n sopimuksen hy\u00f6dynt\u00e4minen on ihanteellista, mutta sinun on my\u00f6s varmistettava, ett\u00e4 pelaat sit\u00e4 oikein.<br \/>\n<\/section><\/div><\/p>\n<h2>Ilmaista pelirahaa: Usein kysytyt kysymykset<\/h2>\n<div itemscope=\"\" itemprop=\"mainEntity\" itemtype=\"https:\/\/schema.org\/Question\"><h3 itemprop=\"name\">\u2b50 Mille ei talletusbonusta ilmoiteta?<\/h3><div itemscope=\"\" itemprop=\"acceptedAnswer\" itemtype=\"https:\/\/schema.org\/Answer\"><div itemprop=\"text\">\n<div>Ei talletusbonusta on online-kasinon bonus, jonka saat ilman talletusta. T\u00e4m\u00e4 bonus on aina t\u00e4ysin ilmainen. Usein saat t\u00e4m\u00e4n bonuksen, kun luot tilin. T\u00e4m\u00e4 bonus voi koostua k\u00e4teisbonuksesta tai ilmaiskierroksista. T\u00e4m\u00e4 on ihanteellinen, jos haluat testata peli\u00e4 ensin panostamatta siihen rahaa. Voit kuitenkin ker\u00e4t\u00e4 voittoa tasapainostasi, klassisesta win-win-tilanteesta. Sivustoillamme on useita kasinoita, joista voit saada bonuksen ilman talletusta.<\/div>\n<\/div><\/div><\/div>\n<div itemscope=\"\" itemprop=\"mainEntity\" itemtype=\"https:\/\/schema.org\/Question\"><h3 itemprop=\"name\">\u2b50 Mit\u00e4 bonusta saan tallettamatta rahaa?<\/h3><div itemscope=\"\" itemprop=\"acceptedAnswer\" itemtype=\"https:\/\/schema.org\/Answer\"><div itemprop=\"text\">\n<div>On olemassa useita bonuksia, joita voit saada tallettamatta ensin rahaa. N\u00e4m\u00e4 bonukset vaihtelevat kasinoittain. Voit esimerkiksi saada ilmaiskierrosbonuksen rekister\u00f6ityess\u00e4si. Voit my\u00f6s saada k\u00e4teisbonuksen, kun luot tilin. Valitsetko ilmaiskierrokset vai k\u00e4teisbonuksen? Sivustoltamme l\u00f6yd\u00e4t yleiskatsauksen useista online-kasinoista ja vastaavalla bonuksella.<\/div>\n<\/div><\/div><\/div>\n<div itemscope=\"\" itemprop=\"mainEntity\" itemtype=\"https:\/\/schema.org\/Question\"><h3 itemprop=\"name\">\u2b50 Mitk\u00e4 kasinot tarjoavat bonuksen ilman talletusta?<\/h3><div itemscope=\"\" itemprop=\"acceptedAnswer\" itemtype=\"https:\/\/schema.org\/Answer\"><div itemprop=\"text\">\n<div>Nyky\u00e4\u00e4n yh\u00e4 useammat online-kasinot tarjoavat bonuksen tallettamatta rahaa. Casino Titanista l\u00f6yd\u00e4t selke\u00e4n yleiskuvan 10 parhaasta kasinosta, jotka tarjoavat bonuksen ilman talletusta. Valvomme n\u00e4it\u00e4 kasinoita joka p\u00e4iv\u00e4. Pid\u00e4 silm\u00e4ll\u00e4 uusimpia kasinoita, jotka tarjoavat bonuksen ilman talletusta.<\/div>\n<\/div><\/div><\/div>\n<div itemscope=\"\" itemprop=\"mainEntity\" itemtype=\"https:\/\/schema.org\/Question\"><h3 itemprop=\"name\">\u2b50 Saanko talletusbonusta vain uutta tili\u00e4 luodessani?<\/h3><div itemscope=\"\" itemprop=\"acceptedAnswer\" itemtype=\"https:\/\/schema.org\/Answer\"><div itemprop=\"text\">\n<div>Monet kasinot tarjoavat bonuksen ilman talletusta tervetuliaisbonuksena, so. Uuden tilin luomisessa. Oletko k\u00e4ytt\u00e4nyt t\u00e4t\u00e4 bonusta ja onko sinulla k\u00e4teist\u00e4 tai ilmaiskierroksia. Useimmat kasinot tarjoavat jopa toisen bonuksen, jos teet talletuksen. Joten ensimm\u00e4inen bonus on t\u00e4ysin ilmainen. Jos haluat hy\u00f6dynt\u00e4\u00e4 toista bonusta, sinun on teht\u00e4v\u00e4 talletus. T\u00e4m\u00e4 bonus voi ansaita itse paljon enemm\u00e4n rahaa.<\/div>\n<\/div><\/div><\/div>\n<\/div><\/div>\n","protected":false},"excerpt":{"rendered":"Verkkopelaamisen suosio synnytti satoja online-kasinoita kaikkialla Internetiss\u00e4. T\u00e4m\u00e4n vuoksi kasino operaattorit keksiv\u00e4t omia temppuja houkutellakseen asiakkaita ja pit\u00e4\u00e4kseen s\u00e4\u00e4nn\u00f6llisi\u00e4 pelaajia. Casino Titan tarjoaa laajan valikoiman talletuksettomia nettikasinoita pienist\u00e4 tunnettuihin julkisiin suosikkeihin. Nyky\u00e4\u00e4n l\u00e4hes jokaisella on tietokone talossaan, joten yh\u00e4 useammat ihmiset siirtyv\u00e4t verkkoon viihdytt\u00e4\u00e4kseen itse\u00e4\u00e4n. Uhkapelaajilla on nyt mukava pelata oman kodin mukavuuksissa. Yksi asia,&#8230; <a class=\"view-article\" href=\"https:\/\/casinotitan-ads.com\/fi\/\">View Article<\/a>","protected":false},"author":1,"featured_media":0,"parent":0,"menu_order":0,"comment_status":"closed","ping_status":"closed","template":"","meta":[],"yoast_head":"\n<meta name=\"description\" content=\"Tarjoamme laajan valikoiman online-kasinoita pienist\u00e4 suuriin suosikkeihin, jotka eiv\u00e4t tarjoa talletuskasinobonusta uusille pelaajille! ?\" \/>\n<meta name=\"robots\" content=\"index, follow, max-snippet:-1, max-image-preview:large, max-video-preview:-1\" \/>\n<link rel=\"canonical\" href=\"https:\/\/casinotitan-ads.com\/fi\/\" \/>\n<meta property=\"og:locale\" content=\"fi_FI\" \/>\n<meta property=\"og:type\" content=\"article\" \/>\n<meta property=\"og:title\" content=\"Ilmaista Pelirahaa ilman Talletusta 2021 ???\" \/>\n<meta property=\"og:description\" content=\"Tarjoamme laajan valikoiman online-kasinoita pienist\u00e4 suuriin suosikkeihin, jotka eiv\u00e4t tarjoa talletuskasinobonusta uusille pelaajille! ?\" \/>\n<meta property=\"og:url\" content=\"https:\/\/casinotitan-ads.com\/fi\/\" \/>\n<meta property=\"og:site_name\" content=\"Casino Titan\" \/>\n<meta property=\"article:modified_time\" content=\"2020-12-28T16:25:18+00:00\" \/>\n<meta property=\"og:image\" content=\"https:\/\/casinotitan-ads.com\/titanup\/2020\/11\/titan-handy-150x150.png\" \/>\n<meta name=\"twitter:card\" content=\"summary_large_image\" \/>\n<meta name=\"twitter:label1\" content=\"Written by\">\n\t<meta name=\"twitter:data1\" content=\"casinotitan-ads\">\n\t<meta name=\"twitter:label2\" content=\"Est. reading time\">\n\t<meta name=\"twitter:data2\" content=\"4 minuuttia\">\n","_links":{"self":[{"href":"https:\/\/casinotitan-ads.com\/fi\/wp-json\/wp\/v2\/pages\/227"}],"collection":[{"href":"https:\/\/casinotitan-ads.com\/fi\/wp-json\/wp\/v2\/pages"}],"about":[{"href":"https:\/\/casinotitan-ads.com\/fi\/wp-json\/wp\/v2\/types\/page"}],"author":[{"embeddable":true,"href":"https:\/\/casinotitan-ads.com\/fi\/wp-json\/wp\/v2\/users\/1"}],"replies":[{"embeddable":true,"href":"https:\/\/casinotitan-ads.com\/fi\/wp-json\/wp\/v2\/comments?post=227"}],"version-history":[{"count":5,"href":"https:\/\/casinotitan-ads.com\/fi\/wp-json\/wp\/v2\/pages\/227\/revisions"}],"predecessor-version":[{"id":350,"href":"https:\/\/casinotitan-ads.com\/fi\/wp-json\/wp\/v2\/pages\/227\/revisions\/350"}],"wp:attachment":[{"href":"https:\/\/casinotitan-ads.com\/fi\/wp-json\/wp\/v2\/media?parent=227"}],"curies":[{"name":"wp","href":"https:\/\/api.w.org\/{rel}","templated":true}]}}