{"id":243,"date":"2020-12-08T14:36:55","date_gmt":"2020-12-08T14:36:55","guid":{"rendered":"https:\/\/casinotitan-ads.com\/?page_id=243"},"modified":"2020-12-08T17:59:51","modified_gmt":"2020-12-08T17:59:51","slug":"online-blackjack-spielen","status":"publish","type":"page","link":"https:\/\/casinotitan-ads.com\/de\/online-blackjack-spielen\/","title":{"rendered":"Online Blackjack spielen"},"content":{"rendered":"<p>Die Popularit\u00e4t des Blackjack Spiels ist unbestreitbar. Es ist interessant festzustellen, dass Online Blackjack ein leicht zu erlernendes Spiel ist und daher das Element der Einfachheit vielleicht ein Teil der Attraktivit\u00e4t des Spiels sein k\u00f6nnte. Probieren Sie die besten Blackjack <a href=\"https:\/\/casinotitan-ads.com\/de\/\">Casino ohne Einzahlung<\/a> bonus angebote aus!<\/p>\n<h2>Beste Blackjack Casino Websites<\/h2>\n<table class=\"casinodata\" >\n    \n\n    <thead>\n    <tr class=\"casinoheaddatarow\">\n        <th><\/th>\n        <th><\/th>\n        <th><\/th>        \n        <th><\/th>\n   \n        <th><\/th>\n    <\/tr>\n  <\/thead>\n  <tbody>\n\n\n<tr class=\"casinodatarow \">\n        <td class=\"topcasinonumber\"><span class=\"item-number\">1<\/span><\/td>\n        <td class=\"topcasinologo\">\n           <div class=\"topcasinologowrp\">\n                <img width=\"120\" height=\"39\" src=\"https:\/\/casinotitan-ads.com\/titanup\/2020\/12\/slots-million-120x39.png\" class=\"attachment-casinos-size size-casinos-size\" alt=\"slots million casino\" loading=\"lazy\" srcset=\"https:\/\/casinotitan-ads.com\/titanup\/2020\/12\/slots-million-120x39.png 120w, https:\/\/casinotitan-ads.com\/titanup\/2020\/12\/slots-million.png 140w\" sizes=\"(max-width: 120px) 100vw, 120px\" \/>                <\/div>\n            \n        <\/td>\n        <td class=\"topcasinorating\">\n                      <span class=\"toplist-item-name\"> SIMPLE CASINO<\/span>\n            \n        <\/td>\n        <td class=\"topcasinobonus\">\n            <span class=\"item-bonus\">100% bis 100\u20ac Bonus<\/span>\n            \n\n\n            \n        <\/td>\n     \n       \n        <td class=\"topcasinogo\">\n\n         <a href=\"\/bns\/slotsmillion\" class=\"toplist-item-out\" rel=\"nofollow\">SPIELEN<\/a>\n                  \n        <\/td>\n    <\/tr>\n\n<tr class=\"casinodatarow is-striped\">\n        <td class=\"topcasinonumber\"><span class=\"item-number\">2<\/span><\/td>\n        <td class=\"topcasinologo\">\n           <div class=\"topcasinologowrp\">\n                <img width=\"120\" height=\"39\" src=\"https:\/\/casinotitan-ads.com\/titanup\/2020\/12\/simple-casino-120x39.png\" class=\"attachment-casinos-size size-casinos-size\" alt=\"simple casino\" loading=\"lazy\" srcset=\"https:\/\/casinotitan-ads.com\/titanup\/2020\/12\/simple-casino-120x39.png 120w, https:\/\/casinotitan-ads.com\/titanup\/2020\/12\/simple-casino.png 140w\" sizes=\"(max-width: 120px) 100vw, 120px\" \/>                <\/div>\n            \n        <\/td>\n        <td class=\"topcasinorating\">\n                      <span class=\"toplist-item-name\"> SLOTS MILLION<\/span>\n            \n        <\/td>\n        <td class=\"topcasinobonus\">\n            <span class=\"item-bonus\">100% Bonus f\u00fcr Einzahlung<\/span>\n            \n\n\n            \n        <\/td>\n     \n       \n        <td class=\"topcasinogo\">\n\n         <a href=\"\/bns\/simple\" class=\"toplist-item-out\" rel=\"nofollow\">SPIELEN<\/a>\n                  \n        <\/td>\n    <\/tr>\n\n<tr class=\"casinodatarow \">\n        <td class=\"topcasinonumber\"><span class=\"item-number\">3<\/span><\/td>\n        <td class=\"topcasinologo\">\n           <div class=\"topcasinologowrp\">\n                <img width=\"120\" height=\"39\" src=\"https:\/\/casinotitan-ads.com\/titanup\/2020\/12\/voodoodreams-120x39.png\" class=\"attachment-casinos-size size-casinos-size\" alt=\"voodoo dreams casino\" loading=\"lazy\" srcset=\"https:\/\/casinotitan-ads.com\/titanup\/2020\/12\/voodoodreams-120x39.png 120w, https:\/\/casinotitan-ads.com\/titanup\/2020\/12\/voodoodreams.png 140w\" sizes=\"(max-width: 120px) 100vw, 120px\" \/>                <\/div>\n            \n        <\/td>\n        <td class=\"topcasinorating\">\n                      <span class=\"toplist-item-name\"> VOODOO DREAMS<\/span>\n            \n        <\/td>\n        <td class=\"topcasinobonus\">\n            <span class=\"item-bonus\">100% Bonus f\u00fcr Einzahlung<\/span>\n            \n\n\n            \n        <\/td>\n     \n       \n        <td class=\"topcasinogo\">\n\n         <a href=\"\/bns\/voodoodreams\" class=\"toplist-item-out\" rel=\"nofollow\">SPIELEN<\/a>\n                  \n        <\/td>\n    <\/tr>\n        <\/tbody>\n<\/table>\n\n\n        \n\n    \n    \n<h2>Die Grundlagen von Blackjack Online<\/h2>\n<p>Das Hauptziel beim Blackjack Spiel besteht darin, ein Blatt zu erhalten, das so nah wie m\u00f6glich an einer Gesamtzahl von einundzwanzig liegt, ohne diese Zahl zu \u00fcberschreiten. Ein Blatt, das die Gesamtzahl von einundzwanzig \u00fcberschreitet, wird als &#8220;Bust&#8221; bezeichnet, und dies f\u00fchrt zum Ende eines erfolglosen Spiels.<\/p>\n<h2>Wie man Blackjack online spielt?<\/h2>\n<p>Der erste Schritt in einem Blackjack Spiel ist das Platzieren einer Wette. Nach dem Platzieren eines Einsatzes werden jedem Spieler zwei aufgedeckte Karten ausgeteilt. Der Dealer erh\u00e4lt dann zwei Karten, von denen eine aufgedeckt und die andere verdeckt ist. Es ist dann an der Zeit, dass jeder Spieler entscheidet, ob er bei den vorhandenen Karten bleibt oder zus\u00e4tzliche Karten anfordert, um n\u00e4her an die Gesamtzahl von 21 heranzukommen. Es sollte vielleicht betont werden, dass Spieler, die 21 \u00fcberschreiten, &#8220;pleite&#8221; gehen. Sobald die Spieler fertig sind, wird die zweite Karte des Dealers aufgedeckt. Es ist wichtig zu beachten, dass f\u00fcr den Fall, dass der Dealer eine Kartensumme von 17 oder mehr hat, keine weitere Karte erlaubt ist. Bei einer Gesamtsumme von bis zu 16 Karten sieht das Regelwerk jedoch vor, dass der Dealer eine weitere Karte erh\u00e4lt.<\/p>\n<h2>Wert der Blackjack-Karten<\/h2>\n<p>Obwohl die Farben der einzelnen Karten keine Bedeutung f\u00fcr den Ausgang des heutigen Blackjack Spiels haben, ist es wichtig, die Werte der verschiedenen Karten bei diesem Streben zu beachten.<\/p>\n<ul>\n<li>Der K\u00f6nig, die K\u00f6nigin, der Bube und die Karten mit der Nummer zehn haben alle einen Wert von 10.<\/li>\n<li>Ein Ass kann entweder als 1 oder 11 bewertet werden.<\/li>\n<li>Karten zwischen 2 und 9 werden zum Nennwert gespielt.<\/li>\n<\/ul>\n<h2>Bedingungen f\u00fcr Online Blackjack<\/h2>\n<ul>\n<li>Harte Hand: Dieser Begriff bezieht sich auf ein Blatt, das kein Ass enth\u00e4lt oder das ein Ass enth\u00e4lt, das als 1 verwendet wird.<\/li>\n<li>Weiche Hand: Dieser Begriff bezieht sich auf ein Blatt, das ein Ass enth\u00e4lt, das als 11 verwendet wird.<\/li>\n<li>Sogar Geld: Die Even Money-Option tritt in einer Situation auf, in der der Spieler einen Blackjack hat und die gezeigte Karte des Dealers ein Ass offenbart. Das bedeutet, dass der Spieler sich f\u00fcr die Even Money-Option entscheiden kann, bevor er die zweite Karte des Dealers \u00fcberpr\u00fcft.<\/li>\n<li>Hit: Dieser Ausdruck bezieht sich auf die Anforderung einer zus\u00e4tzlichen Karte.<\/li>\n<li>Split: Dieser Ausdruck wird verwendet, um ein Blatt mit zwei Originalkarten zu beschreiben, die in zwei getrennte Bl\u00e4tter aufgeteilt oder getrennt werden. Eine solche Aktion ist zul\u00e4ssig, wenn die ersten beiden Karten den gleichen Wert haben.<\/li>\n<li>Verdoppeln: Hierbei wird der urspr\u00fcngliche Einsatz verdoppelt, nachdem die beiden ausgeteilten Karten betrachtet wurden. Es ist zu beachten, dass ein Spieler nach dem Verdoppeln nur noch eine weitere Karte erhalten kann.<\/li>\n<li>Aufgeben: Hierbei wird das Blatt aufgegeben, wodurch die H\u00e4lfte des Einsatzes verloren geht.<\/li>\n<li>Vorzeitiges Aufgeben: Hierbei handelt es sich um eine Aktion wie oben beschrieben, die erlaubt ist, bevor der Dealer pr\u00fcft, ob das Blatt einen Blackjack enth\u00e4lt.<\/li>\n<li>Sp\u00e4te Aufgabe: In dieser Situation schaut sich der Dealer das Blatt an, um zu sehen, ob es einen Blackjack enth\u00e4lt. Wenn das Blatt tats\u00e4chlich einen Blackjack enth\u00e4lt, darf ein Spieler nicht aufgeben.<\/li>\n<\/ul>\n<h2>Zu beachtende Punkte beim Blackjack Spiel<\/h2>\n<p>Eine K\u00f6nigskarte oder eine Zehn zusammen mit einem Ass, wie die beiden urspr\u00fcnglich ausgeteilten Karten, ergibt einen Blackjack und einen automatischen Gewinn. F\u00fcr den Fall, dass der Dealer ebenfalls einen Blackjack hat, ergibt dies ein Unentschieden und der gesetzte Einsatz wird dem Spieler zur\u00fcckerstattet.<\/p>\n<ul>\n<li>Falls das Blatt des Dealers \u00fcberkauft ist, gewinnen die Spieler.<\/li>\n<li>Spieler, die eine Summe erhalten, die h\u00f6her ist als das Blatt des Dealers, gewinnen.<\/li>\n<li>Spieler, die einen Gesamtwert erhalten, der niedriger ist als das Blatt des Dealers, verlieren.<\/li>\n<\/ul>\n<h2>Tipps f\u00fcr Online Blackjack Spieler<\/h2>\n<ul>\n<li>Es wird dringend empfohlen, sich \u00fcber Blackjack-Regeln und Informationen \u00fcber die jeweilige Art von Blackjack-Spiel zu informieren.<\/li>\n<li>Es wird empfohlen, die Vorteile der kostenlosen Online-Blackjack-Spiele zu nutzen, bevor Sie um echtes Geld spielen.<\/li>\n<li>Es kann vorteilhaft sein, nach Blackjack-Bonussen und Sonderangeboten Ausschau zu halten.<\/li>\n<li>Wie auch bei anderen Spielen ist es wichtig, eine Blackjack-Bankroll im Voraus zu planen und Gewinn- und Verlustlimits f\u00fcr die Spielsitzung festzulegen.<\/li>\n<li>Es sei angemerkt, dass Geschicklichkeit beim beliebten Blackjack eine Rolle spielt, aber auch die Anwesenheit von Gl\u00fccksfrauen am Blackjack-Tisch wird oft sehr gesch\u00e4tzt.<\/li>\n<\/ul>\n","protected":false},"excerpt":{"rendered":"Die Popularit\u00e4t des Blackjack Spiels ist unbestreitbar. Es ist interessant festzustellen, dass Online Blackjack ein leicht zu erlernendes Spiel ist und daher das Element der Einfachheit vielleicht ein Teil der Attraktivit\u00e4t des Spiels sein k\u00f6nnte. Probieren Sie die besten Blackjack Casino ohne Einzahlung bonus angebote aus! Beste Blackjack Casino Websites Die Grundlagen von Blackjack Online&#8230; <a class=\"view-article\" href=\"https:\/\/casinotitan-ads.com\/de\/online-blackjack-spielen\/\">View Article<\/a>","protected":false},"author":1,"featured_media":0,"parent":0,"menu_order":0,"comment_status":"closed","ping_status":"closed","template":"","meta":[],"yoast_head":"\n<meta name=\"description\" content=\"Online Blackjack Spielen - Kostenlos spielen &amp; mit Echtgeld\" \/>\n<meta name=\"robots\" content=\"index, follow, max-snippet:-1, max-image-preview:large, max-video-preview:-1\" \/>\n<link rel=\"canonical\" href=\"https:\/\/casinotitan-ads.com\/de\/online-blackjack-spielen\/\" \/>\n<meta property=\"og:locale\" content=\"de_DE\" \/>\n<meta property=\"og:type\" content=\"article\" \/>\n<meta property=\"og:title\" content=\"Online Blackjack Spielen - Kostenlos spielen &amp; mit Echtgeld\" \/>\n<meta property=\"og:description\" content=\"Online Blackjack Spielen - Kostenlos spielen &amp; mit Echtgeld\" \/>\n<meta property=\"og:url\" content=\"https:\/\/casinotitan-ads.com\/de\/online-blackjack-spielen\/\" \/>\n<meta property=\"og:site_name\" content=\"Casino Titan\" \/>\n<meta property=\"article:modified_time\" content=\"2020-12-08T17:59:51+00:00\" \/>\n<meta name=\"twitter:card\" content=\"summary_large_image\" \/>\n<meta name=\"twitter:label1\" content=\"Written by\">\n\t<meta name=\"twitter:data1\" content=\"casinotitan-ads\">\n\t<meta name=\"twitter:label2\" content=\"Est. reading time\">\n\t<meta name=\"twitter:data2\" content=\"3 minutes\">\n","_links":{"self":[{"href":"https:\/\/casinotitan-ads.com\/de\/wp-json\/wp\/v2\/pages\/243"}],"collection":[{"href":"https:\/\/casinotitan-ads.com\/de\/wp-json\/wp\/v2\/pages"}],"about":[{"href":"https:\/\/casinotitan-ads.com\/de\/wp-json\/wp\/v2\/types\/page"}],"author":[{"embeddable":true,"href":"https:\/\/casinotitan-ads.com\/de\/wp-json\/wp\/v2\/users\/1"}],"replies":[{"embeddable":true,"href":"https:\/\/casinotitan-ads.com\/de\/wp-json\/wp\/v2\/comments?post=243"}],"version-history":[{"count":2,"href":"https:\/\/casinotitan-ads.com\/de\/wp-json\/wp\/v2\/pages\/243\/revisions"}],"predecessor-version":[{"id":337,"href":"https:\/\/casinotitan-ads.com\/de\/wp-json\/wp\/v2\/pages\/243\/revisions\/337"}],"wp:attachment":[{"href":"https:\/\/casinotitan-ads.com\/de\/wp-json\/wp\/v2\/media?parent=243"}],"curies":[{"name":"wp","href":"https:\/\/api.w.org\/{rel}","templated":true}]}}