{"id":237,"date":"2020-12-08T14:21:55","date_gmt":"2020-12-08T14:21:55","guid":{"rendered":"https:\/\/casinotitan-ads.com\/?page_id=237"},"modified":"2020-12-08T17:59:42","modified_gmt":"2020-12-08T17:59:42","slug":"roulette-online-spielen","status":"publish","type":"page","link":"https:\/\/casinotitan-ads.com\/de\/roulette-online-spielen\/","title":{"rendered":"Roulette online spielen"},"content":{"rendered":"<p>Online Roulette ist eine am\u00fcsante Casino Veranstaltung, die Glamour und Aufregung suggeriert. Das Roulette Spiel basiert auf einer einfachen Idee und ist leicht zu spielen. Entdecken Sie die besten Online Roulette Casino Seiten und holen Sie sich den <a href=\"https:\/\/casinotitan-ads.com\/de\/\">Bonus ohne Einzahlung<\/a>, um Ihr Gl\u00fccksspielabenteuer zu beginnen!<\/p>\n<h2>Beste Roulette Casino Websites<\/h2>\n<table class=\"casinodata\" >\n    \n\n    <thead>\n    <tr class=\"casinoheaddatarow\">\n        <th><\/th>\n        <th><\/th>\n        <th><\/th>        \n        <th><\/th>\n   \n        <th><\/th>\n    <\/tr>\n  <\/thead>\n  <tbody>\n\n\n<tr class=\"casinodatarow \">\n        <td class=\"topcasinonumber\"><span class=\"item-number\">1<\/span><\/td>\n        <td class=\"topcasinologo\">\n           <div class=\"topcasinologowrp\">\n                <img width=\"120\" height=\"39\" src=\"https:\/\/casinotitan-ads.com\/titanup\/2020\/12\/slots-million-120x39.png\" class=\"attachment-casinos-size size-casinos-size\" alt=\"slots million casino\" loading=\"lazy\" srcset=\"https:\/\/casinotitan-ads.com\/titanup\/2020\/12\/slots-million-120x39.png 120w, https:\/\/casinotitan-ads.com\/titanup\/2020\/12\/slots-million.png 140w\" sizes=\"(max-width: 120px) 100vw, 120px\" \/>                <\/div>\n            \n        <\/td>\n        <td class=\"topcasinorating\">\n                      <span class=\"toplist-item-name\"> SIMPLE CASINO<\/span>\n            \n        <\/td>\n        <td class=\"topcasinobonus\">\n            <span class=\"item-bonus\">100% bis 100\u20ac Bonus<\/span>\n            \n\n\n            \n        <\/td>\n     \n       \n        <td class=\"topcasinogo\">\n\n         <a href=\"\/bns\/slotsmillion\" class=\"toplist-item-out\" rel=\"nofollow\">SPIELEN<\/a>\n                  \n        <\/td>\n    <\/tr>\n\n<tr class=\"casinodatarow is-striped\">\n        <td class=\"topcasinonumber\"><span class=\"item-number\">2<\/span><\/td>\n        <td class=\"topcasinologo\">\n           <div class=\"topcasinologowrp\">\n                <img width=\"120\" height=\"39\" src=\"https:\/\/casinotitan-ads.com\/titanup\/2020\/12\/simple-casino-120x39.png\" class=\"attachment-casinos-size size-casinos-size\" alt=\"simple casino\" loading=\"lazy\" srcset=\"https:\/\/casinotitan-ads.com\/titanup\/2020\/12\/simple-casino-120x39.png 120w, https:\/\/casinotitan-ads.com\/titanup\/2020\/12\/simple-casino.png 140w\" sizes=\"(max-width: 120px) 100vw, 120px\" \/>                <\/div>\n            \n        <\/td>\n        <td class=\"topcasinorating\">\n                      <span class=\"toplist-item-name\"> SLOTS MILLION<\/span>\n            \n        <\/td>\n        <td class=\"topcasinobonus\">\n            <span class=\"item-bonus\">100% Bonus f\u00fcr Einzahlung<\/span>\n            \n\n\n            \n        <\/td>\n     \n       \n        <td class=\"topcasinogo\">\n\n         <a href=\"\/bns\/simple\" class=\"toplist-item-out\" rel=\"nofollow\">SPIELEN<\/a>\n                  \n        <\/td>\n    <\/tr>\n\n<tr class=\"casinodatarow \">\n        <td class=\"topcasinonumber\"><span class=\"item-number\">3<\/span><\/td>\n        <td class=\"topcasinologo\">\n           <div class=\"topcasinologowrp\">\n                <img width=\"120\" height=\"39\" src=\"https:\/\/casinotitan-ads.com\/titanup\/2020\/12\/voodoodreams-120x39.png\" class=\"attachment-casinos-size size-casinos-size\" alt=\"voodoo dreams casino\" loading=\"lazy\" srcset=\"https:\/\/casinotitan-ads.com\/titanup\/2020\/12\/voodoodreams-120x39.png 120w, https:\/\/casinotitan-ads.com\/titanup\/2020\/12\/voodoodreams.png 140w\" sizes=\"(max-width: 120px) 100vw, 120px\" \/>                <\/div>\n            \n        <\/td>\n        <td class=\"topcasinorating\">\n                      <span class=\"toplist-item-name\"> VOODOO DREAMS<\/span>\n            \n        <\/td>\n        <td class=\"topcasinobonus\">\n            <span class=\"item-bonus\">100% Bonus f\u00fcr Einzahlung<\/span>\n            \n\n\n            \n        <\/td>\n     \n       \n        <td class=\"topcasinogo\">\n\n         <a href=\"\/bns\/voodoodreams\" class=\"toplist-item-out\" rel=\"nofollow\">SPIELEN<\/a>\n                  \n        <\/td>\n    <\/tr>\n        <\/tbody>\n<\/table>\n\n\n        \n\n    \n    \n<h2>Roulette Online-Einf\u00fchrung<\/h2>\n<p>Obwohl es schwierig ist, die genauen Wurzeln des Roulettespiels zu bestimmen, wird allgemein angenommen, dass die Samen dieser Form des Unterhaltungsspiels in Frankreich gen\u00e4ht wurden. Ein einfaches Zeichen seiner Urspr\u00fcnge mag in dem Namen &#8220;Roulette&#8221; liegen, der franz\u00f6sisch f\u00fcr kleines Rad ist. Viele Menschen glauben, dass das urspr\u00fcngliche Roulette-Rad im Frankreich des 17. Jahrhunderts von Blaise Pascal, einem Mathematiker, erfunden wurde. Dieses Konzept wurde sp\u00e4ter von Francois und Lois Blanc entwickelt. Diese Namen findet man h\u00e4ufig, wenn man \u00fcber die Geschichte des Roulettespiels spricht. Es wird angenommen, dass das Roulette im 19. Jahrhundert seinen Weg in die Vereinigten Staaten fand. Nach der Einf\u00fchrung der besten Online Casinos Mitte der 1990er Jahre war es nur ein nat\u00fcrlicher Schritt, dass das Roulettespiel ein wichtiger Teil dieser Innovation werden w\u00fcrde.<\/p>\n<h2>Online Roulette Grundlagen<\/h2>\n<p>Anlehnen, wie man das Online-Roulette-Spiel spielt, ist einfach. Wie bei den meisten, wenn nicht bei allen Casino Spielen, besteht der erste Schritt darin, eine Wette zu platzieren. Das Hauptziel beim Roulettespiel besteht darin, dass die Eins\u00e4tze und der Landeplatz einer kleinen Kugel im Roulettekessel aufeinander abgestimmt werden. Eine korrekte Vorhersage ergibt einen Gewinn, w\u00e4hrend der Spieler verliert, wenn es kein Spiel gibt.<\/p>\n<h2>Roulette Layout<\/h2>\n<p>Ein Online Roulette Rad oder -Layout besteht aus separaten Abschnitten, die von eins bis sechsunddrei\u00dfig nummeriert sind. Die nummerierten F\u00e4cher sind abwechselnd schwarz und rot gef\u00e4rbt. Dar\u00fcber hinaus umfasst das Roulette Layout ein einzelnes Null-Feld und manchmal sowohl ein einzelnes als auch ein doppeltes Null-Feld. Die Nullf\u00e4cher sind gr\u00fcn gef\u00e4rbt. Es ist zu beachten, dass die \u00e4u\u00dferen R\u00e4nder des Roulette-Layouts f\u00fcr die Platzierung von Zusatzeins\u00e4tzen vorgesehen sind. Beim Roulettespiel wird eine kleine Kugel in das sich drehende Rad fallen gelassen, und ihr Absetzpunkt bestimmt das Ergebnis des Spiels.<\/p>\n<h2>Amerikanisches oder europ\u00e4isches Roulette<\/h2>\n<p>Der Hauptunterschied zwischen amerikanischem und europ\u00e4ischem Roulette liegt in der Frage der Nullabschnitte. Ein europ\u00e4isches Roulette-Rad beherbergt ein einzelnes Null-Feld, w\u00e4hrend ein amerikanisches Roulette-Layout sowohl ein einzelnes als auch ein doppeltes Null-Feld enth\u00e4lt. Es ist zu beachten, dass die europ\u00e4ische Rouletteversion dem Spieler gegen\u00fcber dem amerikanischen Spiel einen g\u00fcnstigen Vorteil bietet. Der Hausvorteil beim europ\u00e4ischen Roulette betr\u00e4gt 2,7 %, w\u00e4hrend bei der amerikanischen Version desselben Spiels 5,26 % den Casinovorteil ausmachen. Bevorzugte Quoten leiten daher viele Spieler dazu an, nach europ\u00e4ischen Roulettespielen zu suchen.<\/p>\n<p>Es ist interessant festzustellen, dass europ\u00e4isches Roulette dem Spieler die M\u00f6glichkeit bietet, nach der &#8220;en prison&#8221;-Entscheidung zu spielen, deren Einzelheiten unten aufgef\u00fchrt sind.<\/p>\n<h2>Innen- und Au\u00dfeneins\u00e4tze beim Roulette<\/h2>\n<p>Die zwei verschiedenen Arten von Wetten im Roulettespiel sind als Innen- und Au\u00dfenwetten bekannt. Die Namen dieser Eins\u00e4tze beziehen sich auf ihre Positionierung auf dem Roulette-Layout. Innenwetten befinden sich, wie der Name schon sagt, auf dem inneren Teil des Layouts und beinhalten Wetten auf die Zahlen selbst.<br \/>\nAu\u00dfenwetten beziehen sich auf Wetten, die auf dem \u00e4u\u00dferen Teil des Roulette-Layouts platziert sind. Diese Wetten bieten in der Regel gute Quoten. Zu den Au\u00dfenwetten geh\u00f6ren Wetten, die entsprechend ihrer Farbe, Quoten oder sogar Wetteins\u00e4tzen platziert werden, Wetten, die hoch oder niedrig sind, und Abschnitte des Roulette-Layouts.<\/p>\n<h3>En-Gef\u00e4ngnis-Regel<\/h3>\n<p>Die &#8220;en prison&#8221;-Regel, die normalerweise in der europ\u00e4ischen Version des Spiels zu finden ist, gilt auch f\u00fcr Eins\u00e4tze au\u00dferhalb von geraden Geldeins\u00e4tzen. F\u00fcr den Fall, dass der Wurf des Roulettes eine Null ergibt, kann der Spieler die En-Gef\u00e4ngnis-Regelung w\u00e4hlen. Diese Option erm\u00f6glicht es dem Spieler, die H\u00e4lfte des Wettbetrags zur\u00fcckzuerhalten oder f\u00fcr die n\u00e4chste Runde beiseite zu legen. Sollte der folgende Roulette-Dreh zu einer zus\u00e4tzlichen Null f\u00fchren, verliert der Spieler den Einsatz.<\/p>\n<h2>Online Roulette Tipps<\/h2>\n<ul>\n<li>Es wird empfohlen, die Roulette-Regeln und -Bedingungen sorgf\u00e4ltig zu lesen, bevor Sie um echtes Geld spielen.<\/li>\n<li>Kostenlose Roulettespiele finden Sie in vielen der besten Online-Casinos und erm\u00f6glichen es den Spielern, das Spiel kostenlos zu \u00fcben und sich mit den Besonderheiten des Spiels vertraut zu machen.<\/li>\n<li>Es ist im Allgemeinen besser, europ\u00e4isches als amerikanisches Roulette zu spielen, aufgrund der Unterschiede im Hausvorteil aufgrund des Doppel-Null-Abschnitts.<\/li>\n<li>Es ist ratsam, vor Spielbeginn Gewinn- und Verlustlimits festzulegen.<\/li>\n<\/ul>\n<p>Roulette ist ein unterhaltsames Spiel, das seit vielen Jahren an verschiedenen Orten auf der ganzen Welt gespielt wird. Durch die Neuheit des Online-Roulette ist dieses Unterfangen viel zug\u00e4nglicher geworden und kann heute durch einen einfachen Knopfdruck von einem bequemen Online-Ort Ihrer Wahl aus aufgerufen werden.<\/p>\n","protected":false},"excerpt":{"rendered":"Online Roulette ist eine am\u00fcsante Casino Veranstaltung, die Glamour und Aufregung suggeriert. Das Roulette Spiel basiert auf einer einfachen Idee und ist leicht zu spielen. Entdecken Sie die besten Online Roulette Casino Seiten und holen Sie sich den Bonus ohne Einzahlung, um Ihr Gl\u00fccksspielabenteuer zu beginnen! Beste Roulette Casino Websites Roulette Online-Einf\u00fchrung Obwohl es schwierig&#8230; <a class=\"view-article\" href=\"https:\/\/casinotitan-ads.com\/de\/roulette-online-spielen\/\">View Article<\/a>","protected":false},"author":1,"featured_media":0,"parent":0,"menu_order":0,"comment_status":"closed","ping_status":"closed","template":"","meta":[],"yoast_head":"\n<meta name=\"description\" content=\"Roulette Online Spielen - Kostenlos spielen &amp; mit Echtgeld\" \/>\n<meta name=\"robots\" content=\"index, follow, max-snippet:-1, max-image-preview:large, max-video-preview:-1\" \/>\n<link rel=\"canonical\" href=\"https:\/\/casinotitan-ads.com\/de\/roulette-online-spielen\/\" \/>\n<meta property=\"og:locale\" content=\"de_DE\" \/>\n<meta property=\"og:type\" content=\"article\" \/>\n<meta property=\"og:title\" content=\"Roulette Online Spielen - Kostenlos spielen &amp; mit Echtgeld\" \/>\n<meta property=\"og:description\" content=\"Roulette Online Spielen - Kostenlos spielen &amp; mit Echtgeld\" \/>\n<meta property=\"og:url\" content=\"https:\/\/casinotitan-ads.com\/de\/roulette-online-spielen\/\" \/>\n<meta property=\"og:site_name\" content=\"Casino Titan\" \/>\n<meta property=\"article:modified_time\" content=\"2020-12-08T17:59:42+00:00\" \/>\n<meta name=\"twitter:card\" content=\"summary_large_image\" \/>\n<meta name=\"twitter:label1\" content=\"Written by\">\n\t<meta name=\"twitter:data1\" content=\"casinotitan-ads\">\n\t<meta name=\"twitter:label2\" content=\"Est. reading time\">\n\t<meta name=\"twitter:data2\" content=\"3 minutes\">\n","_links":{"self":[{"href":"https:\/\/casinotitan-ads.com\/de\/wp-json\/wp\/v2\/pages\/237"}],"collection":[{"href":"https:\/\/casinotitan-ads.com\/de\/wp-json\/wp\/v2\/pages"}],"about":[{"href":"https:\/\/casinotitan-ads.com\/de\/wp-json\/wp\/v2\/types\/page"}],"author":[{"embeddable":true,"href":"https:\/\/casinotitan-ads.com\/de\/wp-json\/wp\/v2\/users\/1"}],"replies":[{"embeddable":true,"href":"https:\/\/casinotitan-ads.com\/de\/wp-json\/wp\/v2\/comments?post=237"}],"version-history":[{"count":2,"href":"https:\/\/casinotitan-ads.com\/de\/wp-json\/wp\/v2\/pages\/237\/revisions"}],"predecessor-version":[{"id":336,"href":"https:\/\/casinotitan-ads.com\/de\/wp-json\/wp\/v2\/pages\/237\/revisions\/336"}],"wp:attachment":[{"href":"https:\/\/casinotitan-ads.com\/de\/wp-json\/wp\/v2\/media?parent=237"}],"curies":[{"name":"wp","href":"https:\/\/api.w.org\/{rel}","templated":true}]}}