{"id":229,"date":"2020-12-08T14:06:29","date_gmt":"2020-12-08T14:06:29","guid":{"rendered":"https:\/\/casinotitan-ads.com\/?page_id=229"},"modified":"2020-12-08T17:59:22","modified_gmt":"2020-12-08T17:59:22","slug":"spielautomaten-online-spielen","status":"publish","type":"page","link":"https:\/\/casinotitan-ads.com\/de\/spielautomaten-online-spielen\/","title":{"rendered":"Spielautomaten online spielen"},"content":{"rendered":"<p>Spielautomaten haben sich seit vielen Jahren als eine attraktive Form der Unterhaltung erwiesen. Online Spielautomaten f\u00fcr echtes Geld nehmen einen gro\u00dfen Teil des Casinos ein, ob an einem Online- oder Offline-Standort. Testen Sie die besten Online Slots auf empfohlenen Casino Seiten mit abgestuften <a href=\"https:\/\/casinotitan-ads.com\/de\/\">Casino bonussen ohne Einzahlung<\/a> beim Start!<\/p>\n<h2>Beste Casino Seiten mit Online Slots<\/h2>\n<table class=\"casinodata\" >\n    \n\n    <thead>\n    <tr class=\"casinoheaddatarow\">\n        <th><\/th>\n        <th><\/th>\n        <th><\/th>        \n        <th><\/th>\n   \n        <th><\/th>\n    <\/tr>\n  <\/thead>\n  <tbody>\n\n\n<tr class=\"casinodatarow \">\n        <td class=\"topcasinonumber\"><span class=\"item-number\">1<\/span><\/td>\n        <td class=\"topcasinologo\">\n           <div class=\"topcasinologowrp\">\n                <img width=\"120\" height=\"39\" src=\"https:\/\/casinotitan-ads.com\/titanup\/2020\/12\/slots-million-120x39.png\" class=\"attachment-casinos-size size-casinos-size\" alt=\"slots million casino\" loading=\"lazy\" srcset=\"https:\/\/casinotitan-ads.com\/titanup\/2020\/12\/slots-million-120x39.png 120w, https:\/\/casinotitan-ads.com\/titanup\/2020\/12\/slots-million.png 140w\" sizes=\"(max-width: 120px) 100vw, 120px\" \/>                <\/div>\n            \n        <\/td>\n        <td class=\"topcasinorating\">\n                      <span class=\"toplist-item-name\"> SIMPLE CASINO<\/span>\n            \n        <\/td>\n        <td class=\"topcasinobonus\">\n            <span class=\"item-bonus\">100% bis 100\u20ac Bonus<\/span>\n            \n\n\n            \n        <\/td>\n     \n       \n        <td class=\"topcasinogo\">\n\n         <a href=\"\/bns\/slotsmillion\" class=\"toplist-item-out\" rel=\"nofollow\">SPIELEN<\/a>\n                  \n        <\/td>\n    <\/tr>\n\n<tr class=\"casinodatarow is-striped\">\n        <td class=\"topcasinonumber\"><span class=\"item-number\">2<\/span><\/td>\n        <td class=\"topcasinologo\">\n           <div class=\"topcasinologowrp\">\n                <img width=\"120\" height=\"39\" src=\"https:\/\/casinotitan-ads.com\/titanup\/2020\/12\/simple-casino-120x39.png\" class=\"attachment-casinos-size size-casinos-size\" alt=\"simple casino\" loading=\"lazy\" srcset=\"https:\/\/casinotitan-ads.com\/titanup\/2020\/12\/simple-casino-120x39.png 120w, https:\/\/casinotitan-ads.com\/titanup\/2020\/12\/simple-casino.png 140w\" sizes=\"(max-width: 120px) 100vw, 120px\" \/>                <\/div>\n            \n        <\/td>\n        <td class=\"topcasinorating\">\n                      <span class=\"toplist-item-name\"> SLOTS MILLION<\/span>\n            \n        <\/td>\n        <td class=\"topcasinobonus\">\n            <span class=\"item-bonus\">100% Bonus f\u00fcr Einzahlung<\/span>\n            \n\n\n            \n        <\/td>\n     \n       \n        <td class=\"topcasinogo\">\n\n         <a href=\"\/bns\/simple\" class=\"toplist-item-out\" rel=\"nofollow\">SPIELEN<\/a>\n                  \n        <\/td>\n    <\/tr>\n\n<tr class=\"casinodatarow \">\n        <td class=\"topcasinonumber\"><span class=\"item-number\">3<\/span><\/td>\n        <td class=\"topcasinologo\">\n           <div class=\"topcasinologowrp\">\n                <img width=\"120\" height=\"39\" src=\"https:\/\/casinotitan-ads.com\/titanup\/2020\/12\/voodoodreams-120x39.png\" class=\"attachment-casinos-size size-casinos-size\" alt=\"voodoo dreams casino\" loading=\"lazy\" srcset=\"https:\/\/casinotitan-ads.com\/titanup\/2020\/12\/voodoodreams-120x39.png 120w, https:\/\/casinotitan-ads.com\/titanup\/2020\/12\/voodoodreams.png 140w\" sizes=\"(max-width: 120px) 100vw, 120px\" \/>                <\/div>\n            \n        <\/td>\n        <td class=\"topcasinorating\">\n                      <span class=\"toplist-item-name\"> VOODOO DREAMS<\/span>\n            \n        <\/td>\n        <td class=\"topcasinobonus\">\n            <span class=\"item-bonus\">100% Bonus f\u00fcr Einzahlung<\/span>\n            \n\n\n            \n        <\/td>\n     \n       \n        <td class=\"topcasinogo\">\n\n         <a href=\"\/bns\/voodoodreams\" class=\"toplist-item-out\" rel=\"nofollow\">SPIELEN<\/a>\n                  \n        <\/td>\n    <\/tr>\n        <\/tbody>\n<\/table>\n\n\n        \n\n    \n    \n<h2>Online Spielautomaten &#8211; Spielen mit Bonus<\/h2>\n<p>Obwohl Spielautomatenspiele eine einfache Form der Unterhaltung bieten, ist es ratsam, die Regeln vor Spielbeginn sorgf\u00e4ltig zu lesen. Die heutigen Online Spielautomaten haben sich aus dem urspr\u00fcnglichen schweren Spielautomaten entwickelt, der auch als einarmige Banditen bekannt ist. Auch wenn die heutigen Slots auf dem gleichen Ziel basieren, die Maschine zu schlagen, waren gewisse Anpassungen notwendig, um den Slot in eine brauchbare Form der Unterhaltung \u00fcber das Internet zu verwandeln. Anstatt eine M\u00fcnze physisch in den Schlitz einzuwerfen, ist es nun m\u00f6glich, die Bezahlung auf andere Weise zu erledigen.<\/p>\n<p>Heute gibt es Schlitze in verschiedenen Formen, Formen und Gr\u00f6ssen, aber alle basieren auf dem gleichen urspr\u00fcnglichen Prinzip. Diese verschiedenen Typen umfassen neben den aufregenden progressiven Spielautomatenspielen auch Drei- und F\u00fcnf-Walzen-Spiele. Dar\u00fcber hinaus bietet das aktuelle Angebot von buchst\u00e4blich Hunderten von verschiedenen Spielautomaten die Verfolgung in verschiedenen Themenbereichen, um fast jedem Geschmack gerecht zu werden.<\/p>\n<h2>Wie spielt man Online Spielautomaten?<\/h2>\n<p>Der erste Schritt in der Online Slot Unterhaltung besteht darin, einen verantwortungsbewussten und zuverl\u00e4ssigen besten Online Casino Standort f\u00fcr Online Slot Spiele zu w\u00e4hlen. Es ist wichtig, sich bei der Wahl der Spielst\u00e4tte sicher zu f\u00fchlen, und nachdem ein Spieler einen sicheren Casino Standort gew\u00e4hlt hat, kann er die Aufmerksamkeit auf das jeweilige Spielautomatenspiel lenken.<\/p>\n<p>Danach ist der n\u00e4chste Schritt die Auswahl eines Slot Spiels nach pers\u00f6nlichem Geschmack aus der breiten Palette attraktiver Slots, die an den meisten der besten Online Casino Standorte zur Verf\u00fcgung stehen.<\/p>\n<p>Anschlie\u00dfend sollten virtuelle M\u00fcnzen in den ausgew\u00e4hlten Spielautomaten eingeworfen werden. Handlungsaufforderungen oder -befehle werden normalerweise auf dem Bildschirm angezeigt. Das Hauptziel eines Slot-Spiels besteht darin, eine Gewinnkombination von Symbolen auf der Gewinnlinie der sich drehenden Walzen zu erhalten. Der Spieler sollte dann die Menge der M\u00fcnzen ausw\u00e4hlen, die f\u00fcr das jeweilige Spiel verwendet werden soll. Der n\u00e4chste einfache Schritt besteht darin, auf &#8216;Drehen&#8217; oder &#8216;Spielen&#8217; zu dr\u00fccken. Im Falle eines erfolgreichen Spiels wird der Gewinnbetrag automatisch gutgeschrieben.<\/p>\n<h3>Klassische Spielautomaten<\/h3>\n<p>Klassische Slots, die auch als Basis Slots bezeichnet werden, verf\u00fcgen \u00fcber einen festen Betrag an Preisgeldern, der nicht entsprechend der Gr\u00f6\u00dfe des Wetteinsatzes am Spielautomaten ver\u00e4ndert wird. Es wird allgemein angenommen, dass die klassischen Spielautomaten \u00f6fter Gewinne bringen als andere Spielautomaten, diese Gewinne sind jedoch in der Regel in einer geringeren H\u00f6he. Es ist interessant festzustellen, dass die klassischen Spielautomaten entweder einzelne oder mehrere Gewinnlinien enthalten k\u00f6nnen. Dar\u00fcber hinaus k\u00f6nnen solche Spielautomaten 3 oder 5 Walzen aufweisen. Es ist auch wichtig zu beachten, dass ein Spieler, der an einem Automaten mit mehreren Gewinnlinien spielt, die maximalen M\u00fcnzen setzen muss, um die Chance auf den gr\u00f6\u00dften Gewinn zu haben.<\/p>\n<h3>Progressive Spielautomaten<\/h3>\n<p>Progressive Spielautomaten bieten eine besonders spannende M\u00f6glichkeit, das Spiel mit einem attraktiven Anreiz zu spielen. Das Hauptmerkmal eines progressiven Spielautomaten ist sein normalerweise massiver Jackpot-Preis. Auf ein solches Spiel kann von jeder Online-Site aus zugegriffen werden, die dasselbe Spiel anbietet. Jeder Spieler desselben Slot Spiels leistet dann einen kleinen Beitrag zum Jackpot Preis. Die Spieler k\u00f6nnen auf dem Bildschirm sehen, dass der Jackpot-Gewinn st\u00e4ndig steigt.<\/p>\n<h2>Online Spielautomaten Tipps<\/h2>\n<ul>\n<li>Es ist ratsam, eine vertrauensw\u00fcrdige Website f\u00fcr die Online Slot Unterhaltung zu suchen.<\/li>\n<li>Es wird empfohlen, sich \u00fcber die Bedingungen und Anweisungen der jeweiligen Slot Verfolgung zu informieren.<\/li>\n<li>Viele Slot Spieler empfehlen, an kostenlosen, online verf\u00fcgbaren Slot Spielen zu \u00fcben, um sich auf die Online-Methode des Spiels einzustellen.<\/li>\n<li>Es ist oft vorteilhaft, Bonusse und spezielle Angebote und Funktionen in Anspruch zu nehmen.<\/li>\n<li>Es ist ratsam, eine der bevorzugten Zahlungsmethoden des Online Casinos zu nutzen.<\/li>\n<li>Es wird empfohlen, seine Bankroll gut zu verwalten und zus\u00e4tzlich Gewinn- und Verlustlimits festzulegen, bevor man mit dem Spielen an den Spielautomaten beginnt.<\/li>\n<li>Es ist wichtig, die Spielregeln zu beachten. Um beispielsweise die Chance auf einen Jackpotgewinn zu haben, muss ein Spieler in den meisten F\u00e4llen einen H\u00f6chsteinsatz t\u00e4tigen.<\/li>\n<li>Die Spieler sollten bedenken, dass es sich hier um ein Gl\u00fccksspiel handelt, und versuchen, die Unterhaltung an den Spielautomaten zu genie\u00dfen.<\/li>\n<\/ul>\n<h2>Spielautomaten und Zufallszahlengenerator<\/h2>\n<p>Der Zufallszahlengenerator (RNG) ist ein interessantes und wertvolles Feature des Online Spielautomatenspiels. Der RNG stellt sicher, dass das Ergebnis einer Drehung der Walzen der Spielautomaten vollst\u00e4ndig vom Zufall abh\u00e4ngt. Ein RNG ist in die Software jeder Slotmaschine integriert, um ein faires und ehrliches Spiel f\u00fcr den Spieler zu gew\u00e4hrleisten.<\/p>\n","protected":false},"excerpt":{"rendered":"Spielautomaten haben sich seit vielen Jahren als eine attraktive Form der Unterhaltung erwiesen. Online Spielautomaten f\u00fcr echtes Geld nehmen einen gro\u00dfen Teil des Casinos ein, ob an einem Online- oder Offline-Standort. Testen Sie die besten Online Slots auf empfohlenen Casino Seiten mit abgestuften Casino bonussen ohne Einzahlung beim Start! Beste Casino Seiten mit Online Slots&#8230; <a class=\"view-article\" href=\"https:\/\/casinotitan-ads.com\/de\/spielautomaten-online-spielen\/\">View Article<\/a>","protected":false},"author":1,"featured_media":0,"parent":0,"menu_order":0,"comment_status":"closed","ping_status":"closed","template":"","meta":[],"yoast_head":"\n<meta name=\"description\" content=\"Spielautomaten Online Spielen - KOSTENLOS ohne Anmeldung\" \/>\n<meta name=\"robots\" content=\"index, follow, max-snippet:-1, max-image-preview:large, max-video-preview:-1\" \/>\n<link rel=\"canonical\" href=\"https:\/\/casinotitan-ads.com\/de\/spielautomaten-online-spielen\/\" \/>\n<meta property=\"og:locale\" content=\"de_DE\" \/>\n<meta property=\"og:type\" content=\"article\" \/>\n<meta property=\"og:title\" content=\"Spielautomaten Online Spielen - KOSTENLOS ohne Anmeldung\" \/>\n<meta property=\"og:description\" content=\"Spielautomaten Online Spielen - KOSTENLOS ohne Anmeldung\" \/>\n<meta property=\"og:url\" content=\"https:\/\/casinotitan-ads.com\/de\/spielautomaten-online-spielen\/\" \/>\n<meta property=\"og:site_name\" content=\"Casino Titan\" \/>\n<meta property=\"article:modified_time\" content=\"2020-12-08T17:59:22+00:00\" \/>\n<meta name=\"twitter:card\" content=\"summary_large_image\" \/>\n<meta name=\"twitter:label1\" content=\"Written by\">\n\t<meta name=\"twitter:data1\" content=\"casinotitan-ads\">\n\t<meta name=\"twitter:label2\" content=\"Est. reading time\">\n\t<meta name=\"twitter:data2\" content=\"3 minutes\">\n","_links":{"self":[{"href":"https:\/\/casinotitan-ads.com\/de\/wp-json\/wp\/v2\/pages\/229"}],"collection":[{"href":"https:\/\/casinotitan-ads.com\/de\/wp-json\/wp\/v2\/pages"}],"about":[{"href":"https:\/\/casinotitan-ads.com\/de\/wp-json\/wp\/v2\/types\/page"}],"author":[{"embeddable":true,"href":"https:\/\/casinotitan-ads.com\/de\/wp-json\/wp\/v2\/users\/1"}],"replies":[{"embeddable":true,"href":"https:\/\/casinotitan-ads.com\/de\/wp-json\/wp\/v2\/comments?post=229"}],"version-history":[{"count":3,"href":"https:\/\/casinotitan-ads.com\/de\/wp-json\/wp\/v2\/pages\/229\/revisions"}],"predecessor-version":[{"id":335,"href":"https:\/\/casinotitan-ads.com\/de\/wp-json\/wp\/v2\/pages\/229\/revisions\/335"}],"wp:attachment":[{"href":"https:\/\/casinotitan-ads.com\/de\/wp-json\/wp\/v2\/media?parent=229"}],"curies":[{"name":"wp","href":"https:\/\/api.w.org\/{rel}","templated":true}]}}